{"id":46,"date":"2014-05-29T22:55:18","date_gmt":"2014-05-29T20:55:18","guid":{"rendered":"http:\/\/www.mallorca-servicecenter.com\/contacto-2\/"},"modified":"2020-12-22T12:53:05","modified_gmt":"2020-12-22T11:53:05","slug":"contact","status":"publish","type":"page","link":"https:\/\/www.mallorca-servicecenter.com\/en\/contact\/","title":{"rendered":"Contact us"},"content":{"rendered":"<div id=\"cs-content\" class=\"cs-content\"><\/div>\n","protected":false},"excerpt":{"rendered":"<p>Get in touch with us! Questions? Comments? Propositions? Don&#8217;t hesitate to get in touch and we will respond as soon as possible! Contact Information Pol\u00edgono Son Bugadelles Calle Mar Mediterraneo 59 Local 8 07180 Santa Pon\u00e7a, Espa\u00f1a info@mallorca-servicecenter (+34) 971 68 68 36 info@mallorca-servicecenter.com<\/p>\n","protected":false},"author":1,"featured_media":0,"parent":0,"menu_order":0,"comment_status":"closed","ping_status":"open","template":"template-blank-4.php","meta":{"rs_blank_template":"","rs_page_bg_color":"","slide_template_v7":"","jetpack_post_was_ever_published":false,"footnotes":""},"yst_prominent_words":[],"class_list":["post-46","page","type-page","status-publish","hentry","no-post-thumbnail"],"jetpack_sharing_enabled":true,"_links":{"self":[{"href":"https:\/\/www.mallorca-servicecenter.com\/en\/wp-json\/wp\/v2\/pages\/46","targetHints":{"allow":["GET"]}}],"collection":[{"href":"https:\/\/www.mallorca-servicecenter.com\/en\/wp-json\/wp\/v2\/pages"}],"about":[{"href":"https:\/\/www.mallorca-servicecenter.com\/en\/wp-json\/wp\/v2\/types\/page"}],"author":[{"embeddable":true,"href":"https:\/\/www.mallorca-servicecenter.com\/en\/wp-json\/wp\/v2\/users\/1"}],"replies":[{"embeddable":true,"href":"https:\/\/www.mallorca-servicecenter.com\/en\/wp-json\/wp\/v2\/comments?post=46"}],"version-history":[{"count":9,"href":"https:\/\/www.mallorca-servicecenter.com\/en\/wp-json\/wp\/v2\/pages\/46\/revisions"}],"predecessor-version":[{"id":796,"href":"https:\/\/www.mallorca-servicecenter.com\/en\/wp-json\/wp\/v2\/pages\/46\/revisions\/796"}],"wp:attachment":[{"href":"https:\/\/www.mallorca-servicecenter.com\/en\/wp-json\/wp\/v2\/media?parent=46"}],"wp:term":[{"taxonomy":"yst_prominent_words","embeddable":true,"href":"https:\/\/www.mallorca-servicecenter.com\/en\/wp-json\/wp\/v2\/yst_prominent_words?post=46"}],"curies":[{"name":"wp","href":"https:\/\/api.w.org\/{rel}","templated":true}]}}