{"id":49,"date":"2014-05-29T22:55:05","date_gmt":"2014-05-29T20:55:05","guid":{"rendered":"http:\/\/www.mallorca-servicecenter.com\/servicios-2\/"},"modified":"2015-01-09T09:21:01","modified_gmt":"2015-01-09T08:21:01","slug":"dienstleistungen","status":"publish","type":"page","link":"https:\/\/www.mallorca-servicecenter.com\/de\/dienstleistungen\/","title":{"rendered":"Dienstleistungen"},"content":{"rendered":"<div class=\"wpb-content-wrapper\">[vc_row][vc_column width=&#8220;1\/1&#8243;]<ul  class=\"x-block-grid two-up\" ><li  class=\"x-block-grid-item\" ><strong><img loading=\"lazy\" decoding=\"async\" class=\"alignleft size-thumbnail wp-image-185\" src=\"http:\/\/www.mallorca-servicecenter.com\/wp-content\/uploads\/2014\/05\/Fotolia_8882169_M-150x150.jpg\" alt=\"Administraci\u00f3n de viviendas\" width=\"150\" height=\"150\" \/>Hausverwaltung<\/strong><\/p>\n<p style=\"text-align: justify;\">Wir k\u00fcmmern uns um Ihr Eigentum als w\u00e4re es unser Eigenes und kontrollieren regelm\u00e4\u00dfig nach Ihren Vorgaben Ihr Anwesen.<\/p>\n<a  class=\"x-btn x-btn-rounded x-btn-regular\"  href=\"\/de\/dienstleistungen\/hausverwaltung\" title=\"Hausverwaltung\"    data-options=\"thumbnail: ''\">Hausverwaltung<\/a><\/li><li  class=\"x-block-grid-item\" ><img loading=\"lazy\" decoding=\"async\" class=\"alignleft wp-image-188 size-thumbnail\" src=\"http:\/\/www.mallorca-servicecenter.com\/wp-content\/uploads\/2014\/05\/burocratico-150x150.jpg\" alt=\"\" width=\"150\" height=\"150\" \/><strong>Beh\u00f6rden Service<\/strong><\/p>\n<p style=\"text-align: justify;\">Wir helfen Ihnen, oder erledigen f\u00fcr Sie die manchmal l\u00e4stigen aber oftmals n\u00f6tigen Beh\u00f6rdeng\u00e4nge.<\/p>\n<a  class=\"x-btn x-btn-rounded x-btn-regular\"  href=\"\/de\/dienstleistungen\/behoerden\" title=\"Beh\u00f6rden Service\"    data-options=\"thumbnail: ''\">Beh\u00f6rden Service<\/a><\/li><li  class=\"x-block-grid-item\" ><img loading=\"lazy\" decoding=\"async\" class=\"alignleft wp-image-195 size-thumbnail\" src=\"http:\/\/www.mallorca-servicecenter.com\/wp-content\/uploads\/2014\/05\/car1-150x150.jpg\" alt=\"\" width=\"150\" height=\"150\" \/><strong>Auto und Boot Service<\/strong><\/p>\n<p style=\"text-align: justify;\">Gerne unterst\u00fctzen wir Sie bei der Ummeldung, Pflege und Instandhaltung Ihrer Firmenwagen, Ihres Privat-PKW oder Ihrer Yacht.<\/p>\n<a  class=\"x-btn x-btn-rounded x-btn-regular\"  href=\"\/de\/dienstleistungen\/auto-boot\" title=\"Auto und Boot service\"    data-options=\"thumbnail: ''\">Auto und Boot Service<\/a><\/li><li  class=\"x-block-grid-item\" ><img loading=\"lazy\" decoding=\"async\" class=\"alignleft wp-image-357 size-thumbnail\" src=\"http:\/\/www.mallorca-servicecenter.com\/wp-content\/uploads\/2014\/05\/Fotolia_6619565_XS-150x150.jpg\" alt=\"\" width=\"150\" height=\"150\" \/><strong>Gartenpflege Service<\/strong><\/p>\n<p style=\"text-align: justify;\">Wir k\u00fcmmern uns liebevoll um Ihre Flora und Fauna. Vom Rasenm\u00e4hen bis hin zum Anlegen und Hegen Ihrer Beete und Balkonpflanzen, betreuen wir alles was w\u00e4chst und gedeihen soll.<\/p>\n<a  class=\"x-btn x-btn-rounded x-btn-regular\"  href=\"\/de\/dienstleistungen\/garten\" title=\"Gartenpflege Service\"    data-options=\"thumbnail: ''\">Gartenpflege Service<\/a><\/li><li  class=\"x-block-grid-item\" ><img loading=\"lazy\" decoding=\"async\" class=\"alignleft wp-image-350 size-thumbnail\" src=\"http:\/\/www.mallorca-servicecenter.com\/wp-content\/uploads\/2014\/05\/Fotolia_3938751_XS-150x150.jpg\" alt=\"\" width=\"150\" height=\"150\" \/><strong>Pool Service<\/strong><\/p>\n<p style=\"text-align: justify;\">Genie\u00dfen Sie einfach, sich nicht mehr um die aufwendige Reinigung Ihres Swimmingpools k\u00fcmmern zu m\u00fcssen und dennoch jederzeit die Gewissheit zu haben, in ein sauberes kristallklares Wasser hineinspringen zu k\u00f6nnen.<\/p>\n<a  class=\"x-btn x-btn-rounded x-btn-regular\"  href=\"\/de\/dienstleistungen\/pool\" title=\"Pool Service\"    data-options=\"thumbnail: ''\">Pool Service<\/a><\/li><li  class=\"x-block-grid-item\" ><img loading=\"lazy\" decoding=\"async\" class=\"alignleft wp-image-286 size-thumbnail\" src=\"http:\/\/www.mallorca-servicecenter.com\/wp-content\/uploads\/2014\/05\/workers-150x150.jpg\" alt=\"\" width=\"150\" height=\"150\" \/><strong>Handwerker Service<\/strong><\/p>\n<p style=\"text-align: justify;\">F\u00fcr das eine oder andere Vorhaben braucht man nun mal Spezialisten \u2013 zuverl\u00e4ssige und qualifizierte Handwerker.<\/p>\n<a  class=\"x-btn x-btn-rounded x-btn-regular\"  href=\"\/de\/dienstleistungen\/handwerker\" title=\"Handwerker Service\"    data-options=\"thumbnail: ''\">Handwerker Service<\/a><\/li><li  class=\"x-block-grid-item\" ><img loading=\"lazy\" decoding=\"async\" class=\"alignleft wp-image-204 size-thumbnail\" src=\"http:\/\/www.mallorca-servicecenter.com\/wp-content\/uploads\/2014\/05\/Fotolia_9719779_M-150x150.jpg\" alt=\"\" width=\"150\" height=\"150\" \/><strong>Computer Service<\/strong><\/p>\n<p style=\"text-align: justify;\">Mit unserem Computerservice helfen wir Ihnen an Ort und Stelle. Wir nehmen uns Ihrem Problem an und verabschieden uns erst, wenn alle Ihre Fragen beantwortet sind.<\/p>\n<a  class=\"x-btn x-btn-rounded x-btn-regular\"  href=\"\/de\/dienstleistungen\/computer\" title=\"Computer Service\"    data-options=\"thumbnail: ''\">Computer Service<\/a><\/li><li  class=\"x-block-grid-item\" ><img loading=\"lazy\" decoding=\"async\" class=\"alignleft wp-image-353 size-thumbnail\" src=\"http:\/\/www.mallorca-servicecenter.com\/wp-content\/uploads\/2014\/05\/Fotolia_12283456_XS-150x150.jpg\" alt=\"\" width=\"150\" height=\"150\" \/><strong>Einkaufs Service<\/strong><\/p>\n<p style=\"text-align: justify;\">Ihre Zeit ist kostbar! Auf Wunsch gehen wir f\u00fcr Sie oder mit Ihnen einkaufen. Wir stehen Ihnen gerne zur Seite und finden die Firmen und Artikel die Sie suchen.<\/p>\n<a  class=\"x-btn x-btn-rounded x-btn-regular\"  href=\"\/de\/dienstleistungen\/einkauf\" title=\"SeEinkaufs Service\"    data-options=\"thumbnail: ''\">Einkaufs Service<\/a><\/li><\/ul>[\/vc_column][\/vc_row]\n<\/div>","protected":false},"excerpt":{"rendered":"<p>[vc_row][vc_column width=&#8220;1\/1&#8243;][\/vc_column][\/vc_row]<\/p>\n","protected":false},"author":1,"featured_media":0,"parent":0,"menu_order":0,"comment_status":"closed","ping_status":"open","template":"template-blank-4.php","meta":{"rs_blank_template":"","rs_page_bg_color":"","slide_template_v7":"","jetpack_post_was_ever_published":false,"footnotes":""},"yst_prominent_words":[],"class_list":["post-49","page","type-page","status-publish","hentry","no-post-thumbnail"],"jetpack_sharing_enabled":true,"_links":{"self":[{"href":"https:\/\/www.mallorca-servicecenter.com\/de\/wp-json\/wp\/v2\/pages\/49","targetHints":{"allow":["GET"]}}],"collection":[{"href":"https:\/\/www.mallorca-servicecenter.com\/de\/wp-json\/wp\/v2\/pages"}],"about":[{"href":"https:\/\/www.mallorca-servicecenter.com\/de\/wp-json\/wp\/v2\/types\/page"}],"author":[{"embeddable":true,"href":"https:\/\/www.mallorca-servicecenter.com\/de\/wp-json\/wp\/v2\/users\/1"}],"replies":[{"embeddable":true,"href":"https:\/\/www.mallorca-servicecenter.com\/de\/wp-json\/wp\/v2\/comments?post=49"}],"version-history":[{"count":9,"href":"https:\/\/www.mallorca-servicecenter.com\/de\/wp-json\/wp\/v2\/pages\/49\/revisions"}],"predecessor-version":[{"id":393,"href":"https:\/\/www.mallorca-servicecenter.com\/de\/wp-json\/wp\/v2\/pages\/49\/revisions\/393"}],"wp:attachment":[{"href":"https:\/\/www.mallorca-servicecenter.com\/de\/wp-json\/wp\/v2\/media?parent=49"}],"wp:term":[{"taxonomy":"yst_prominent_words","embeddable":true,"href":"https:\/\/www.mallorca-servicecenter.com\/de\/wp-json\/wp\/v2\/yst_prominent_words?post=49"}],"curies":[{"name":"wp","href":"https:\/\/api.w.org\/{rel}","templated":true}]}}