{"id":47,"date":"2014-05-29T22:55:18","date_gmt":"2014-05-29T20:55:18","guid":{"rendered":"http:\/\/www.mallorca-servicecenter.com\/contacto-2\/"},"modified":"2020-12-22T12:52:37","modified_gmt":"2020-12-22T11:52:37","slug":"kontakt","status":"publish","type":"page","link":"https:\/\/www.mallorca-servicecenter.com\/de\/kontakt\/","title":{"rendered":"Kontakt"},"content":{"rendered":"<div id=\"cs-content\" class=\"cs-content\"><\/div>\n","protected":false},"excerpt":{"rendered":"<p>Schicken sie uns eine E-Mail! Fragen? Anmerkungen? Vorschl&auml;ge? Z&ouml;gern Sie nicht, uns zu kontaktieren und wir werden Ihnen so schnell wie m&ouml;glich antworten! Kontaktdaten Pol\u00edgono Son Bugadelles Calle Mar Mediterraneo 59 Local 8 07180 Santa Pon\u00e7a, Espa\u00f1a info@mallorca-servicecenter (+34) 971 68 68 36 info@mallorca-servicecenter.com<\/p>\n","protected":false},"author":1,"featured_media":0,"parent":0,"menu_order":0,"comment_status":"closed","ping_status":"open","template":"template-blank-4.php","meta":{"rs_blank_template":"","rs_page_bg_color":"","slide_template_v7":"","jetpack_post_was_ever_published":false,"footnotes":""},"yst_prominent_words":[],"class_list":["post-47","page","type-page","status-publish","hentry","no-post-thumbnail"],"jetpack_sharing_enabled":true,"_links":{"self":[{"href":"https:\/\/www.mallorca-servicecenter.com\/de\/wp-json\/wp\/v2\/pages\/47","targetHints":{"allow":["GET"]}}],"collection":[{"href":"https:\/\/www.mallorca-servicecenter.com\/de\/wp-json\/wp\/v2\/pages"}],"about":[{"href":"https:\/\/www.mallorca-servicecenter.com\/de\/wp-json\/wp\/v2\/types\/page"}],"author":[{"embeddable":true,"href":"https:\/\/www.mallorca-servicecenter.com\/de\/wp-json\/wp\/v2\/users\/1"}],"replies":[{"embeddable":true,"href":"https:\/\/www.mallorca-servicecenter.com\/de\/wp-json\/wp\/v2\/comments?post=47"}],"version-history":[{"count":13,"href":"https:\/\/www.mallorca-servicecenter.com\/de\/wp-json\/wp\/v2\/pages\/47\/revisions"}],"predecessor-version":[{"id":795,"href":"https:\/\/www.mallorca-servicecenter.com\/de\/wp-json\/wp\/v2\/pages\/47\/revisions\/795"}],"wp:attachment":[{"href":"https:\/\/www.mallorca-servicecenter.com\/de\/wp-json\/wp\/v2\/media?parent=47"}],"wp:term":[{"taxonomy":"yst_prominent_words","embeddable":true,"href":"https:\/\/www.mallorca-servicecenter.com\/de\/wp-json\/wp\/v2\/yst_prominent_words?post=47"}],"curies":[{"name":"wp","href":"https:\/\/api.w.org\/{rel}","templated":true}]}}