{"id":306,"date":"2014-06-14T20:14:28","date_gmt":"2014-06-14T18:14:28","guid":{"rendered":"http:\/\/www.mallorca-servicecenter.com\/?page_id=306"},"modified":"2015-01-09T09:31:36","modified_gmt":"2015-01-09T08:31:36","slug":"handwerker","status":"publish","type":"page","link":"https:\/\/www.mallorca-servicecenter.com\/de\/dienstleistungen\/handwerker\/","title":{"rendered":"Handwerker Service"},"content":{"rendered":"<div class=\"wpb-content-wrapper\">[vc_row inner_container=&#8220;true&#8220; padding_top=&#8220;0px&#8220; padding_bottom=&#8220;0px&#8220; border=&#8220;none&#8220;][vc_column width=&#8220;1\/1&#8243;]<h1  class=\"h-custom-headline center-text h1 accent\" ><span>Handwerker Service<\/span><\/h1><div class=\"x-column x-sm x-1-2\" style=\"\" ><\/p>\n<p style=\"text-align: justify; font-size: 18px;\">Mit dem Handwerkerservice von Mallorca Service Center finden Sie immer den richtigen Experten.<\/p>\n<p style=\"text-align: justify; font-size: 18px;\">F\u00fcr das eine oder andere Vorhaben braucht man nun mal Spezialisten \u2013 zuverl\u00e4ssige und qualifizierte Handwerker.<\/p>\n<p style=\"text-align: justify; font-size: 18px;\">Auch hier helfen wir Ihnen gerne weiter und vermitteln Ihnen Kooperationspartner mit denen wir \u00fcber all die Jahre erfolgreich zusammenarbeiten. Wir verf\u00fcgen \u00fcber einen bew\u00e4hrten &#8222;Handwerkerstamm&#8220;, der uns auch in Notf\u00e4llen mit Rat und Tat zur Seite steht.<\/p>\n<p style=\"text-align: justify; font-size: 18px;\">F\u00fcr alle Instandsetzungsarbeiten holen wir f\u00fcr Sie mehrere Kostenvoranschl\u00e4ge ein!<\/p>\n<p><\/div><div  class=\"x-column x-sm x-1-2 last\" style=\"\" ><\/p>\n<p style=\"font-size: 18px;\"><i  class=\"x-icon x-icon-star\" data-x-icon-s=\"&#xf005;\" aria-hidden=\"true\"><\/i> Elektriker.<\/p>\n<p style=\"font-size: 18px;\"><i  class=\"x-icon x-icon-star\" data-x-icon-s=\"&#xf005;\" aria-hidden=\"true\"><\/i> Gas- und Wasserinstallateure.<\/p>\n<p style=\"font-size: 18px;\"><i  class=\"x-icon x-icon-star\" data-x-icon-s=\"&#xf005;\" aria-hidden=\"true\"><\/i> Fernseh- und Sat-Techniker.<\/p>\n<p style=\"font-size: 18px;\"><i  class=\"x-icon x-icon-star\" data-x-icon-s=\"&#xf005;\" aria-hidden=\"true\"><\/i> Solar- und Klimatechniker.<\/p>\n<p style=\"font-size: 18px;\"><i  class=\"x-icon x-icon-star\" data-x-icon-s=\"&#xf005;\" aria-hidden=\"true\"><\/i> Alarmanlagen- und Sicherheitstechniker.<\/p>\n<p style=\"font-size: 18px;\"><i  class=\"x-icon x-icon-star\" data-x-icon-s=\"&#xf005;\" aria-hidden=\"true\"><\/i> u.v.m.<\/p>\n<p style=\"text-align: justify; font-size: 18px;\">Auf Wunsch \u00fcberwachen wir die Arbeiten f\u00fcr Sie, koordinieren alle Leistungen und Lieferungen und helfen Ihnen so Zeit und \u00c4rger zu ersparen.<\/p>\n<p><\/div>\n[\/vc_column][\/vc_row]\n<\/div>","protected":false},"excerpt":{"rendered":"<p>[vc_row inner_container=&#8220;true&#8220; padding_top=&#8220;0px&#8220; padding_bottom=&#8220;0px&#8220; border=&#8220;none&#8220;][vc_column width=&#8220;1\/1&#8243;][\/vc_column][\/vc_row]<\/p>\n","protected":false},"author":1,"featured_media":0,"parent":49,"menu_order":6,"comment_status":"closed","ping_status":"closed","template":"template-blank-4.php","meta":{"rs_blank_template":"","rs_page_bg_color":"","slide_template_v7":"","jetpack_post_was_ever_published":false,"footnotes":""},"yst_prominent_words":[],"class_list":["post-306","page","type-page","status-publish","hentry","no-post-thumbnail"],"jetpack_sharing_enabled":true,"_links":{"self":[{"href":"https:\/\/www.mallorca-servicecenter.com\/de\/wp-json\/wp\/v2\/pages\/306","targetHints":{"allow":["GET"]}}],"collection":[{"href":"https:\/\/www.mallorca-servicecenter.com\/de\/wp-json\/wp\/v2\/pages"}],"about":[{"href":"https:\/\/www.mallorca-servicecenter.com\/de\/wp-json\/wp\/v2\/types\/page"}],"author":[{"embeddable":true,"href":"https:\/\/www.mallorca-servicecenter.com\/de\/wp-json\/wp\/v2\/users\/1"}],"replies":[{"embeddable":true,"href":"https:\/\/www.mallorca-servicecenter.com\/de\/wp-json\/wp\/v2\/comments?post=306"}],"version-history":[{"count":2,"href":"https:\/\/www.mallorca-servicecenter.com\/de\/wp-json\/wp\/v2\/pages\/306\/revisions"}],"predecessor-version":[{"id":403,"href":"https:\/\/www.mallorca-servicecenter.com\/de\/wp-json\/wp\/v2\/pages\/306\/revisions\/403"}],"up":[{"embeddable":true,"href":"https:\/\/www.mallorca-servicecenter.com\/de\/wp-json\/wp\/v2\/pages\/49"}],"wp:attachment":[{"href":"https:\/\/www.mallorca-servicecenter.com\/de\/wp-json\/wp\/v2\/media?parent=306"}],"wp:term":[{"taxonomy":"yst_prominent_words","embeddable":true,"href":"https:\/\/www.mallorca-servicecenter.com\/de\/wp-json\/wp\/v2\/yst_prominent_words?post=306"}],"curies":[{"name":"wp","href":"https:\/\/api.w.org\/{rel}","templated":true}]}}