{"id":299,"date":"2014-06-14T20:13:57","date_gmt":"2014-06-14T18:13:57","guid":{"rendered":"http:\/\/www.mallorca-servicecenter.com\/?page_id=299"},"modified":"2015-01-09T09:35:12","modified_gmt":"2015-01-09T08:35:12","slug":"pool","status":"publish","type":"page","link":"https:\/\/www.mallorca-servicecenter.com\/de\/dienstleistungen\/pool\/","title":{"rendered":"Pool-Service"},"content":{"rendered":"<div class=\"wpb-content-wrapper\">[vc_row inner_container=&#8220;true&#8220; padding_top=&#8220;0px&#8220; padding_bottom=&#8220;0px&#8220; border=&#8220;none&#8220;][vc_column width=&#8220;1\/1&#8243;]<h1  class=\"h-custom-headline center-text h1 accent\" ><span>Pool-Service<\/span><\/h1><div class=\"x-column x-sm x-1-2\" style=\"\" ><\/p>\n<p style=\"text-align: justify; font-size: 18px;\">Genie\u00dfen Sie einfach, sich nicht mehr um die aufwendige Reinigung Ihres Swimmingpools k\u00fcmmern zu m\u00fcssen und dennoch jederzeit die Gewissheit zu haben, in ein sauberes und kristallklares Wasser hineinspringen zu k\u00f6nnen.<\/p>\n<p style=\"text-align: justify; font-size: 18px;\">Ein einwandfreier optischer Zustand sowie die regelm\u00e4\u00dfige Wartung und Kontrolle aller technischen Komponenten geh\u00f6ren f\u00fcr uns zum Standart unserer perfekten Poolpflege. W\u00f6chentliche Reinigung des Poolbeckens sowie die Filters\u00e4uberung und auch professionelle Hygiene- und Wasserkontrollen sind f\u00fcr uns ein Muss.<\/p>\n<p><img loading=\"lazy\" decoding=\"async\" class=\"aligncenter size-large wp-image-201\" src=\"http:\/\/www.mallorca-servicecenter.com\/wp-content\/uploads\/2014\/05\/pool-1024x768.jpg\" alt=\"Pool\" width=\"1024\" height=\"768\" srcset=\"https:\/\/www.mallorca-servicecenter.com\/wp-content\/uploads\/2014\/05\/pool-1024x768.jpg 1024w, https:\/\/www.mallorca-servicecenter.com\/wp-content\/uploads\/2014\/05\/pool-300x225.jpg 300w, https:\/\/www.mallorca-servicecenter.com\/wp-content\/uploads\/2014\/05\/pool-100x75.jpg 100w, https:\/\/www.mallorca-servicecenter.com\/wp-content\/uploads\/2014\/05\/pool-862x646.jpg 862w, https:\/\/www.mallorca-servicecenter.com\/wp-content\/uploads\/2014\/05\/pool-1200x900.jpg 1200w, https:\/\/www.mallorca-servicecenter.com\/wp-content\/uploads\/2014\/05\/pool-846x634.jpg 846w, https:\/\/www.mallorca-servicecenter.com\/wp-content\/uploads\/2014\/05\/pool-1184x888.jpg 1184w, https:\/\/www.mallorca-servicecenter.com\/wp-content\/uploads\/2014\/05\/pool-864x648.jpg 864w\" sizes=\"auto, (max-width: 1024px) 100vw, 1024px\" \/><br \/>\n<\/div><div  class=\"x-column x-sm x-1-2 last\" style=\"\" ><\/p>\n<h3>Unsere Dienste beinhalten:<\/h3>\n<p style=\"font-size: 18px;\"><i  class=\"x-icon x-icon-star\" data-x-icon-s=\"&#xf005;\" aria-hidden=\"true\"><\/i> W\u00f6chentliche Reinigung des Schwimmbades.<\/p>\n<p style=\"font-size: 18px;\"><i  class=\"x-icon x-icon-star\" data-x-icon-s=\"&#xf005;\" aria-hidden=\"true\"><\/i> Kontrolle der Wasserqualit\u00e4t.<\/p>\n<p style=\"font-size: 18px;\"><i  class=\"x-icon x-icon-star\" data-x-icon-s=\"&#xf005;\" aria-hidden=\"true\"><\/i> Reinigung der Filter, Skimmer.<\/p>\n<p style=\"font-size: 18px;\"><i  class=\"x-icon x-icon-star\" data-x-icon-s=\"&#xf005;\" aria-hidden=\"true\"><\/i> \u00dcberwachung + Wartung des Pumpensystems.<\/p>\n<p style=\"font-size: 18px;\"><i  class=\"x-icon x-icon-star\" data-x-icon-s=\"&#xf005;\" aria-hidden=\"true\"><\/i> Nach Bedarf Wasserauff\u00fcllung.<\/p>\n<p style=\"font-size: 18px;\"><i  class=\"x-icon x-icon-star\" data-x-icon-s=\"&#xf005;\" aria-hidden=\"true\"><\/i> Kontrolle von eventuellen Sch\u00e4den und Beauftragung sowie Beaufsichtigung der zeitnahen Reparatur.<\/p>\n<p style=\"font-size: 18px;\"><i  class=\"x-icon x-icon-star\" data-x-icon-s=\"&#xf005;\" aria-hidden=\"true\"><\/i> Nach Absprache Erneuerung des Wassers und Grundreinigung des kompletten Pools.<\/p>\n<p><\/div>\n[\/vc_column][\/vc_row]\n<\/div>","protected":false},"excerpt":{"rendered":"<p>[vc_row inner_container=&#8220;true&#8220; padding_top=&#8220;0px&#8220; padding_bottom=&#8220;0px&#8220; border=&#8220;none&#8220;][vc_column width=&#8220;1\/1&#8243;][\/vc_column][\/vc_row]<\/p>\n","protected":false},"author":1,"featured_media":0,"parent":49,"menu_order":5,"comment_status":"closed","ping_status":"closed","template":"template-blank-4.php","meta":{"rs_blank_template":"","rs_page_bg_color":"","slide_template_v7":"","jetpack_post_was_ever_published":false,"footnotes":""},"yst_prominent_words":[],"class_list":["post-299","page","type-page","status-publish","hentry","no-post-thumbnail"],"jetpack_sharing_enabled":true,"_links":{"self":[{"href":"https:\/\/www.mallorca-servicecenter.com\/de\/wp-json\/wp\/v2\/pages\/299","targetHints":{"allow":["GET"]}}],"collection":[{"href":"https:\/\/www.mallorca-servicecenter.com\/de\/wp-json\/wp\/v2\/pages"}],"about":[{"href":"https:\/\/www.mallorca-servicecenter.com\/de\/wp-json\/wp\/v2\/types\/page"}],"author":[{"embeddable":true,"href":"https:\/\/www.mallorca-servicecenter.com\/de\/wp-json\/wp\/v2\/users\/1"}],"replies":[{"embeddable":true,"href":"https:\/\/www.mallorca-servicecenter.com\/de\/wp-json\/wp\/v2\/comments?post=299"}],"version-history":[{"count":5,"href":"https:\/\/www.mallorca-servicecenter.com\/de\/wp-json\/wp\/v2\/pages\/299\/revisions"}],"predecessor-version":[{"id":406,"href":"https:\/\/www.mallorca-servicecenter.com\/de\/wp-json\/wp\/v2\/pages\/299\/revisions\/406"}],"up":[{"embeddable":true,"href":"https:\/\/www.mallorca-servicecenter.com\/de\/wp-json\/wp\/v2\/pages\/49"}],"wp:attachment":[{"href":"https:\/\/www.mallorca-servicecenter.com\/de\/wp-json\/wp\/v2\/media?parent=299"}],"wp:term":[{"taxonomy":"yst_prominent_words","embeddable":true,"href":"https:\/\/www.mallorca-servicecenter.com\/de\/wp-json\/wp\/v2\/yst_prominent_words?post=299"}],"curies":[{"name":"wp","href":"https:\/\/api.w.org\/{rel}","templated":true}]}}