{"id":272,"date":"2014-06-14T20:12:37","date_gmt":"2014-06-14T18:12:37","guid":{"rendered":"http:\/\/www.mallorca-servicecenter.com\/?page_id=272"},"modified":"2015-01-09T09:27:37","modified_gmt":"2015-01-09T08:27:37","slug":"auto-boot","status":"publish","type":"page","link":"https:\/\/www.mallorca-servicecenter.com\/de\/dienstleistungen\/auto-boot\/","title":{"rendered":"Auto und Boot Service"},"content":{"rendered":"<div class=\"wpb-content-wrapper\">[vc_row inner_container=&#8220;true&#8220; padding_top=&#8220;0px&#8220; padding_bottom=&#8220;0px&#8220; border=&#8220;none&#8220;][vc_column width=&#8220;1\/1&#8243;]<h1  class=\"h-custom-headline center-text h1 accent\" ><span>Auto und Boot Service<\/span><\/h1><div class=\"x-column x-sm x-1-2\" style=\"\" ><\/p>\n<p style=\"text-align: justify; font-size: 18px;\">Sie sind im Spanischen noch nicht so sicher oder es fehlt einfach die Zeit zur Pflege f\u00fcr notwendige Arbeiten an Auto und Boot.<\/p>\n<p style=\"text-align: justify; font-size: 18px;\">Gerne unterst\u00fctzen wir Sie bei der Ummeldung, Pflege und Instandhaltung Ihrer Firmenwagen, Ihres Privat-PKW oder Ihrer Yacht.<\/p>\n<p><img loading=\"lazy\" decoding=\"async\" class=\"aligncenter size-full wp-image-264\" src=\"http:\/\/www.mallorca-servicecenter.com\/wp-content\/uploads\/2014\/06\/Fotolia_9859641_M.jpg\" alt=\"Zulassung\" width=\"1592\" height=\"1194\" srcset=\"https:\/\/www.mallorca-servicecenter.com\/wp-content\/uploads\/2014\/06\/Fotolia_9859641_M.jpg 1592w, https:\/\/www.mallorca-servicecenter.com\/wp-content\/uploads\/2014\/06\/Fotolia_9859641_M-300x225.jpg 300w, https:\/\/www.mallorca-servicecenter.com\/wp-content\/uploads\/2014\/06\/Fotolia_9859641_M-1024x768.jpg 1024w, https:\/\/www.mallorca-servicecenter.com\/wp-content\/uploads\/2014\/06\/Fotolia_9859641_M-100x75.jpg 100w, https:\/\/www.mallorca-servicecenter.com\/wp-content\/uploads\/2014\/06\/Fotolia_9859641_M-862x646.jpg 862w, https:\/\/www.mallorca-servicecenter.com\/wp-content\/uploads\/2014\/06\/Fotolia_9859641_M-1200x900.jpg 1200w, https:\/\/www.mallorca-servicecenter.com\/wp-content\/uploads\/2014\/06\/Fotolia_9859641_M-846x634.jpg 846w, https:\/\/www.mallorca-servicecenter.com\/wp-content\/uploads\/2014\/06\/Fotolia_9859641_M-1184x888.jpg 1184w, https:\/\/www.mallorca-servicecenter.com\/wp-content\/uploads\/2014\/06\/Fotolia_9859641_M-864x648.jpg 864w\" sizes=\"auto, (max-width: 1592px) 100vw, 1592px\" \/><br \/>\n<\/div><div  class=\"x-column x-sm x-1-2 last\" style=\"\" ><\/p>\n<p style=\"font-size: 18px;\"><i  class=\"x-icon x-icon-star\" data-x-icon-s=\"&#xf005;\" aria-hidden=\"true\"><\/i> <strong>Kfz-Zulassungs-Service.<\/strong><\/p>\n<p style=\"text-align: justify; font-size: 18px;\">Wir \u00fcbernehmen das An- oder Ummelden Ihres Pkws bei der jeweils zust\u00e4ndigen Beh\u00f6rde.<\/p>\n<p style=\"font-size: 18px;\"><i  class=\"x-icon x-icon-star\" data-x-icon-s=\"&#xf005;\" aria-hidden=\"true\"><\/i> <strong>T\u00dcV-Service.<\/strong><\/p>\n<p style=\"text-align: justify; font-size: 18px;\">Wir bringen Ihren PKW nach Terminvereinbarung zum T\u00dcV, bzw. zur Abgas-Untersuchung.<\/p>\n<p style=\"font-size: 18px;\"><i  class=\"x-icon x-icon-star\" data-x-icon-s=\"&#xf005;\" aria-hidden=\"true\"><\/i> <strong>Werkstatt-Service.<\/strong><\/p>\n<p style=\"text-align: justify; font-size: 18px;\">Wir bringen Ihren PKW zur Reparatur, zum Reifenwechsel oder zu Inspektions-Terminen in die von Ihnen vorgew\u00e4hlte Werkstatt oder einer Werkstatt unseres Vertrauens.<\/p>\n<p style=\"font-size: 18px;\"><i  class=\"x-icon x-icon-star\" data-x-icon-s=\"&#xf005;\" aria-hidden=\"true\"><\/i> <strong>PKW-Wasch-Service.<\/strong><\/p>\n<p style=\"text-align: justify; font-size: 18px;\">Maschinelle W\u00e4sche au\u00dfen und auf Wunsch innen Saugen, Fensterreinigung innen und au\u00dfen. Auf Wunsch: Polieren<\/p>\n<p style=\"font-size: 18px;\"><i  class=\"x-icon x-icon-star\" data-x-icon-s=\"&#xf005;\" aria-hidden=\"true\"><\/i> <strong>Boots-Service.<\/strong><\/p>\n<p style=\"text-align: justify; font-size: 18px;\">Wir \u00fcbernehmen die Anmeldungen, Um-und Abmeldungen Ihres Bootes und vermitteln Ihnen einen kompetenten Partner f\u00fcr Reparatur und Pflege.<\/p>\n<p><\/div>\n[\/vc_column][\/vc_row]\n<\/div>","protected":false},"excerpt":{"rendered":"<p>[vc_row inner_container=&#8220;true&#8220; padding_top=&#8220;0px&#8220; padding_bottom=&#8220;0px&#8220; border=&#8220;none&#8220;][vc_column width=&#8220;1\/1&#8243;][\/vc_column][\/vc_row]<\/p>\n","protected":false},"author":1,"featured_media":0,"parent":49,"menu_order":3,"comment_status":"closed","ping_status":"closed","template":"template-blank-4.php","meta":{"rs_blank_template":"","rs_page_bg_color":"","slide_template_v7":"","jetpack_post_was_ever_published":false,"footnotes":""},"yst_prominent_words":[],"class_list":["post-272","page","type-page","status-publish","hentry","no-post-thumbnail"],"jetpack_sharing_enabled":true,"_links":{"self":[{"href":"https:\/\/www.mallorca-servicecenter.com\/de\/wp-json\/wp\/v2\/pages\/272","targetHints":{"allow":["GET"]}}],"collection":[{"href":"https:\/\/www.mallorca-servicecenter.com\/de\/wp-json\/wp\/v2\/pages"}],"about":[{"href":"https:\/\/www.mallorca-servicecenter.com\/de\/wp-json\/wp\/v2\/types\/page"}],"author":[{"embeddable":true,"href":"https:\/\/www.mallorca-servicecenter.com\/de\/wp-json\/wp\/v2\/users\/1"}],"replies":[{"embeddable":true,"href":"https:\/\/www.mallorca-servicecenter.com\/de\/wp-json\/wp\/v2\/comments?post=272"}],"version-history":[{"count":3,"href":"https:\/\/www.mallorca-servicecenter.com\/de\/wp-json\/wp\/v2\/pages\/272\/revisions"}],"predecessor-version":[{"id":399,"href":"https:\/\/www.mallorca-servicecenter.com\/de\/wp-json\/wp\/v2\/pages\/272\/revisions\/399"}],"up":[{"embeddable":true,"href":"https:\/\/www.mallorca-servicecenter.com\/de\/wp-json\/wp\/v2\/pages\/49"}],"wp:attachment":[{"href":"https:\/\/www.mallorca-servicecenter.com\/de\/wp-json\/wp\/v2\/media?parent=272"}],"wp:term":[{"taxonomy":"yst_prominent_words","embeddable":true,"href":"https:\/\/www.mallorca-servicecenter.com\/de\/wp-json\/wp\/v2\/yst_prominent_words?post=272"}],"curies":[{"name":"wp","href":"https:\/\/api.w.org\/{rel}","templated":true}]}}