{"id":259,"date":"2014-06-14T20:11:31","date_gmt":"2014-06-14T18:11:31","guid":{"rendered":"http:\/\/www.mallorca-servicecenter.com\/?page_id=259"},"modified":"2015-01-09T09:24:45","modified_gmt":"2015-01-09T08:24:45","slug":"behoerden","status":"publish","type":"page","link":"https:\/\/www.mallorca-servicecenter.com\/de\/dienstleistungen\/behoerden\/","title":{"rendered":"Beh\u00f6rden Service"},"content":{"rendered":"<div class=\"wpb-content-wrapper\">[vc_row inner_container=&#8220;true&#8220; padding_top=&#8220;0px&#8220; padding_bottom=&#8220;0px&#8220; border=&#8220;none&#8220;][vc_column width=&#8220;1\/1&#8243;]<h1  class=\"h-custom-headline center-text h1 accent\" ><span>Beh\u00f6rden Service<\/span><\/h1><div class=\"x-column x-sm x-1-2\" style=\"\" ><\/p>\n<p style=\"text-align: justify; font-size: 18px;\">Wir helfen Ihnen oder erledigen f\u00fcr Sie die manchmal l\u00e4stigen aber oftmals notwendigen Beh\u00f6rdeng\u00e4nge. Eventuell fehlen Ihnen die Zeit oder die n\u00f6tigen Sprachkenntnisse. Wir sprechen Mallorquin (Catalan) und sorgen mit unserer Erfahrung und einem L\u00e4cheln f\u00fcr eine schnelle und unkomplizierte Abwicklung. Wir informieren Sie \u00fcber zu zahlende Steuern und \u00dcbersetzen Ihnen Anschreiben von den jeweiligen Gemeinden.<\/p>\n<p><\/div><div  class=\"x-column x-sm x-1-2 last\" style=\"\" ><\/p>\n<p style=\"font-size: 18px;\"><i  class=\"x-icon x-icon-star\" data-x-icon-s=\"&#xf005;\" aria-hidden=\"true\"><\/i> An- und Abmeldungen, Ummeldung von Strom, Gas, Wasser und Telefon.<\/p>\n<p style=\"font-size: 18px;\"><i  class=\"x-icon x-icon-star\" data-x-icon-s=\"&#xf005;\" aria-hidden=\"true\"><\/i> \u00dcberpr\u00fcfung von Zahlungen und Rechnungen.<\/p>\n<p style=\"font-size: 18px;\"><i  class=\"x-icon x-icon-star\" data-x-icon-s=\"&#xf005;\" aria-hidden=\"true\"><\/i> Beantragung und Verl\u00e4ngerung der Aufenthaltserlaubnis (Residencia).<\/p>\n<p style=\"font-size: 18px;\"><i  class=\"x-icon x-icon-star\" data-x-icon-s=\"&#xf005;\" aria-hidden=\"true\"><\/i> Beantragung der spanischen Steuernummer N.I.E.<\/p>\n<p style=\"font-size: 18px;\"><i  class=\"x-icon x-icon-star\" data-x-icon-s=\"&#xf005;\" aria-hidden=\"true\"><\/i> \u00dcbersetzungen.<\/p>\n<p style=\"font-size: 18px;\"><i  class=\"x-icon x-icon-star\" data-x-icon-s=\"&#xf005;\" aria-hidden=\"true\"><\/i> Begleitung bei einem Beh\u00f6rdengang.<\/p>\n<p><\/div>\n[\/vc_column][\/vc_row]\n<\/div>","protected":false},"excerpt":{"rendered":"<p>[vc_row inner_container=&#8220;true&#8220; padding_top=&#8220;0px&#8220; padding_bottom=&#8220;0px&#8220; border=&#8220;none&#8220;][vc_column width=&#8220;1\/1&#8243;][\/vc_column][\/vc_row]<\/p>\n","protected":false},"author":1,"featured_media":0,"parent":49,"menu_order":2,"comment_status":"closed","ping_status":"closed","template":"template-blank-4.php","meta":{"rs_blank_template":"","rs_page_bg_color":"","slide_template_v7":"","jetpack_post_was_ever_published":false,"footnotes":""},"yst_prominent_words":[],"class_list":["post-259","page","type-page","status-publish","hentry","no-post-thumbnail"],"jetpack_sharing_enabled":true,"_links":{"self":[{"href":"https:\/\/www.mallorca-servicecenter.com\/de\/wp-json\/wp\/v2\/pages\/259","targetHints":{"allow":["GET"]}}],"collection":[{"href":"https:\/\/www.mallorca-servicecenter.com\/de\/wp-json\/wp\/v2\/pages"}],"about":[{"href":"https:\/\/www.mallorca-servicecenter.com\/de\/wp-json\/wp\/v2\/types\/page"}],"author":[{"embeddable":true,"href":"https:\/\/www.mallorca-servicecenter.com\/de\/wp-json\/wp\/v2\/users\/1"}],"replies":[{"embeddable":true,"href":"https:\/\/www.mallorca-servicecenter.com\/de\/wp-json\/wp\/v2\/comments?post=259"}],"version-history":[{"count":4,"href":"https:\/\/www.mallorca-servicecenter.com\/de\/wp-json\/wp\/v2\/pages\/259\/revisions"}],"predecessor-version":[{"id":397,"href":"https:\/\/www.mallorca-servicecenter.com\/de\/wp-json\/wp\/v2\/pages\/259\/revisions\/397"}],"up":[{"embeddable":true,"href":"https:\/\/www.mallorca-servicecenter.com\/de\/wp-json\/wp\/v2\/pages\/49"}],"wp:attachment":[{"href":"https:\/\/www.mallorca-servicecenter.com\/de\/wp-json\/wp\/v2\/media?parent=259"}],"wp:term":[{"taxonomy":"yst_prominent_words","embeddable":true,"href":"https:\/\/www.mallorca-servicecenter.com\/de\/wp-json\/wp\/v2\/yst_prominent_words?post=259"}],"curies":[{"name":"wp","href":"https:\/\/api.w.org\/{rel}","templated":true}]}}