{"id":115,"date":"2014-06-05T12:34:10","date_gmt":"2014-06-05T10:34:10","guid":{"rendered":"http:\/\/www.mallorca-servicecenter.com\/servicios\/administracion-de-viviendas\/"},"modified":"2015-01-09T09:37:31","modified_gmt":"2015-01-09T08:37:31","slug":"hausverwaltung","status":"publish","type":"page","link":"https:\/\/www.mallorca-servicecenter.com\/de\/dienstleistungen\/hausverwaltung\/","title":{"rendered":"Hausverwaltung"},"content":{"rendered":"<div class=\"wpb-content-wrapper\">[vc_row inner_container=&#8220;true&#8220; padding_top=&#8220;0px&#8220; padding_bottom=&#8220;0px&#8220; border=&#8220;none&#8220;][vc_column width=&#8220;1\/1&#8243;]<h1  class=\"h-custom-headline center-text h1 accent\" ><span>Hausverwaltung<\/span><\/h1><div class=\"x-column x-sm x-1-2\" style=\"\" ><\/p>\n<h2>Ein beruhigendes Gef\u00fchl, Alles in Sicherheit zu wissen!<\/h2>\n<p style=\"text-align: justify; font-size: 18px;\">Immobilien sind Wertgegenst\u00e4nde der besonderen Art, die gro\u00dfer Aufmerksamkeit bed\u00fcrfen. Fr\u00fchzeitig M\u00e4ngel und Sch\u00e4den erkennen hei\u00dft: aufwendige und teure Sanierungsarbeiten vermeiden. Insbesondere bei H\u00e4usern und Wohnungen, die mehrere Monate unbewohnt und unbeaufsichtigt bleiben, lassen sich viele kostenintensive Reparaturen durch aufmerksame Beobachtung verhindern.<\/p>\n<p style=\"text-align: justify; font-size: 18px;\">Wir k\u00fcmmern uns um Ihr Eigentum als w\u00e4re es unser Eigenes und kontrollieren regelm\u00e4\u00dfig nach Ihren Vorgaben Ihr Anwesen und sollte einmal doch ein Schaden auftreten, lassen wir ihn umgehend reparieren, damit bei Ihrer Ankunft alles wieder funktioniert.<\/p>\n<p><img loading=\"lazy\" decoding=\"async\" class=\"aligncenter size-full wp-image-185\" src=\"http:\/\/www.mallorca-servicecenter.com\/wp-content\/uploads\/2014\/05\/Fotolia_8882169_M.jpg\" alt=\"Administraci\u00f3n de viviendas\" width=\"1615\" height=\"1176\" srcset=\"https:\/\/www.mallorca-servicecenter.com\/wp-content\/uploads\/2014\/05\/Fotolia_8882169_M.jpg 1615w, https:\/\/www.mallorca-servicecenter.com\/wp-content\/uploads\/2014\/05\/Fotolia_8882169_M-300x218.jpg 300w, https:\/\/www.mallorca-servicecenter.com\/wp-content\/uploads\/2014\/05\/Fotolia_8882169_M-1024x745.jpg 1024w, https:\/\/www.mallorca-servicecenter.com\/wp-content\/uploads\/2014\/05\/Fotolia_8882169_M-100x72.jpg 100w, https:\/\/www.mallorca-servicecenter.com\/wp-content\/uploads\/2014\/05\/Fotolia_8882169_M-862x627.jpg 862w, https:\/\/www.mallorca-servicecenter.com\/wp-content\/uploads\/2014\/05\/Fotolia_8882169_M-1200x873.jpg 1200w, https:\/\/www.mallorca-servicecenter.com\/wp-content\/uploads\/2014\/05\/Fotolia_8882169_M-846x616.jpg 846w, https:\/\/www.mallorca-servicecenter.com\/wp-content\/uploads\/2014\/05\/Fotolia_8882169_M-1184x862.jpg 1184w, https:\/\/www.mallorca-servicecenter.com\/wp-content\/uploads\/2014\/05\/Fotolia_8882169_M-864x629.jpg 864w\" sizes=\"auto, (max-width: 1615px) 100vw, 1615px\" \/><br \/>\n<\/div><br \/>\n<div  class=\"x-column x-sm x-1-2 last\" style=\"\" ><\/p>\n<h2>Was bieten wir ihnen?<\/h2>\n<p style=\"font-size: 18px;\"><i  class=\"x-icon x-icon-star\" data-x-icon-s=\"&#xf005;\" aria-hidden=\"true\"><\/i> <strong>Regelm\u00e4\u00dfige Kontrolle<\/strong><\/p>\n<p style=\"text-align: justify; font-size: 18px;\">Wir kontrollieren den Innen-und Au\u00dfenbereich Ihres Anwesens, l\u00fcften das gesamte Haus und \u00fcberpr\u00fcfen gewissenhaft elektrische und sanit\u00e4rische Anlagen. M\u00e4ngel werden Ihnen sofort telefonisch oder per Email mitgeteilt.<\/p>\n<p style=\"font-size: 18px;\"><i  class=\"x-icon x-icon-star\" data-x-icon-s=\"&#xf005;\" aria-hidden=\"true\"><\/i> <strong>Postservice<\/strong><\/p>\n<p style=\"text-align: justify; font-size: 18px;\">Wir leeren regelm\u00e4\u00dfig Ihren Briefkasten, informieren Sie \u00fcber wichtige Anschreiben und leiten diese gegebenenfalls an Sie weiter.<\/p>\n<p style=\"font-size: 18px;\"><i  class=\"x-icon x-icon-star\" data-x-icon-s=\"&#xf005;\" aria-hidden=\"true\"><\/i> <strong>G\u00e4stebetreuung<\/strong><\/p>\n<p style=\"text-align: justify; font-size: 18px;\">Das Wohl Ihrer G\u00e4ste liegt uns am Herzen. Aus diesem Grund empfangen wir diese pers\u00f6nlich f\u00fcr Sie. Wir bereiten gerne vor Ankunft alles nach Ihren W\u00fcnschen vor, gehen einkaufen und reinigen nach der Abreise.<\/p>\n<p style=\"font-size: 18px;\"><i  class=\"x-icon x-icon-star\" data-x-icon-s=\"&#xf005;\" aria-hidden=\"true\"><\/i> <strong>\u00dcberwachung und Ausf\u00fchrung notwendiger Reparaturen<\/strong><\/p>\n<p style=\"text-align: justify; font-size: 18px;\">Sollte einmal ein Schaden auftreten, lassen wir ihn nach Absprache mit Ihnen umgehend reparieren und \u00fcberwachen die Arbeiten. F\u00fcr alle Instandsetzungsarbeiten werden von uns mehrere Kostenvoranschl\u00e4ge eingeholt.<\/p>\n<p style=\"font-size: 18px;\"><i  class=\"x-icon x-icon-star\" data-x-icon-s=\"&#xf005;\" aria-hidden=\"true\"><\/i> <strong>Einkaufsservice<\/strong><\/p>\n<p style=\"text-align: justify; font-size: 18px;\">Auf Wunsch gehen wir vor Ihrer Ankunft f\u00fcr Sie einkaufen. Senden Sie uns Ihren Einkaufszettel, wir sorgen daf\u00fcr dass es Ihnen an nichts fehlt.<\/p>\n<p style=\"text-align: center; font-size: 18px;\"><strong>\u2026 und Alles was Ihnen sonst noch wichtig ist!<\/strong><\/p>\n<p><\/div>\n[\/vc_column][\/vc_row]\n<\/div>","protected":false},"excerpt":{"rendered":"<p>[vc_row inner_container=&#8220;true&#8220; padding_top=&#8220;0px&#8220; padding_bottom=&#8220;0px&#8220; border=&#8220;none&#8220;][vc_column width=&#8220;1\/1&#8243;][\/vc_column][\/vc_row]<\/p>\n","protected":false},"author":1,"featured_media":0,"parent":49,"menu_order":1,"comment_status":"closed","ping_status":"closed","template":"template-blank-4.php","meta":{"rs_blank_template":"","rs_page_bg_color":"","slide_template_v7":"","jetpack_post_was_ever_published":false,"footnotes":""},"yst_prominent_words":[],"class_list":["post-115","page","type-page","status-publish","hentry","no-post-thumbnail"],"jetpack_sharing_enabled":true,"_links":{"self":[{"href":"https:\/\/www.mallorca-servicecenter.com\/de\/wp-json\/wp\/v2\/pages\/115","targetHints":{"allow":["GET"]}}],"collection":[{"href":"https:\/\/www.mallorca-servicecenter.com\/de\/wp-json\/wp\/v2\/pages"}],"about":[{"href":"https:\/\/www.mallorca-servicecenter.com\/de\/wp-json\/wp\/v2\/types\/page"}],"author":[{"embeddable":true,"href":"https:\/\/www.mallorca-servicecenter.com\/de\/wp-json\/wp\/v2\/users\/1"}],"replies":[{"embeddable":true,"href":"https:\/\/www.mallorca-servicecenter.com\/de\/wp-json\/wp\/v2\/comments?post=115"}],"version-history":[{"count":7,"href":"https:\/\/www.mallorca-servicecenter.com\/de\/wp-json\/wp\/v2\/pages\/115\/revisions"}],"predecessor-version":[{"id":407,"href":"https:\/\/www.mallorca-servicecenter.com\/de\/wp-json\/wp\/v2\/pages\/115\/revisions\/407"}],"up":[{"embeddable":true,"href":"https:\/\/www.mallorca-servicecenter.com\/de\/wp-json\/wp\/v2\/pages\/49"}],"wp:attachment":[{"href":"https:\/\/www.mallorca-servicecenter.com\/de\/wp-json\/wp\/v2\/media?parent=115"}],"wp:term":[{"taxonomy":"yst_prominent_words","embeddable":true,"href":"https:\/\/www.mallorca-servicecenter.com\/de\/wp-json\/wp\/v2\/yst_prominent_words?post=115"}],"curies":[{"name":"wp","href":"https:\/\/api.w.org\/{rel}","templated":true}]}}